{"id":6473,"date":"2024-09-23T11:26:43","date_gmt":"2024-09-23T15:26:43","guid":{"rendered":"https:\/\/koenaspa.com\/bistro-koena\/"},"modified":"2026-04-07T13:31:11","modified_gmt":"2026-04-07T17:31:11","slug":"bistro-koena","status":"publish","type":"page","link":"https:\/\/koenaspa.com\/en\/gastronomy\/bistro-koena\/","title":{"rendered":"Bistro K\u014dena"},"content":{"rendered":"","protected":false},"excerpt":{"rendered":"","protected":false},"author":1,"featured_media":0,"parent":6505,"menu_order":3,"comment_status":"closed","ping_status":"closed","template":"","meta":{"_acf_changed":false,"footnotes":""},"class_list":["post-6473","page","type-page","status-publish","hentry","entry"],"acf":[],"yoast_head":"<!-- This site is optimized with the Yoast SEO Premium plugin v25.8 (Yoast SEO v25.8) - https:\/\/yoast.com\/wordpress\/plugins\/seo\/ -->\n<title>Bistro K\u014dena | Relaxation and gourmet food at K\u014dena Spa<\/title>\n<meta name=\"description\" content=\"Discover Bistro K\u014dena at K\u014dena Spa. Enjoy delicious cuisine and a unique moment of relaxation, combining gastronomy and well-being.\" \/>\n<meta name=\"robots\" content=\"index, follow, max-snippet:-1, max-image-preview:large, max-video-preview:-1\" \/>\n<link rel=\"canonical\" href=\"https:\/\/koenaspa.com\/en\/gastronomy\/bistro-koena\/\" \/>\n<meta property=\"og:locale\" content=\"en_US\" \/>\n<meta property=\"og:type\" content=\"article\" \/>\n<meta property=\"og:title\" content=\"Bistro K\u014dena\" \/>\n<meta property=\"og:description\" content=\"Discover Bistro K\u014dena at K\u014dena Spa. Enjoy delicious cuisine and a unique moment of relaxation, combining gastronomy and well-being.\" \/>\n<meta property=\"og:url\" content=\"https:\/\/koenaspa.com\/en\/gastronomy\/bistro-koena\/\" \/>\n<meta property=\"og:site_name\" content=\"Spa, Massage et Bains Nordiques - Koena\" \/>\n<meta property=\"article:modified_time\" content=\"2026-04-07T17:31:11+00:00\" \/>\n<meta name=\"twitter:card\" content=\"summary_large_image\" \/>\n<script type=\"application\/ld+json\" class=\"yoast-schema-graph\">{\"@context\":\"https:\/\/schema.org\",\"@graph\":[{\"@type\":\"WebPage\",\"@id\":\"https:\/\/koenaspa.com\/en\/gastronomy\/bistro-koena\/\",\"url\":\"https:\/\/koenaspa.com\/en\/gastronomy\/bistro-koena\/\",\"name\":\"Bistro K\u014dena | Relaxation and gourmet food at K\u014dena Spa\",\"isPartOf\":{\"@id\":\"https:\/\/koenaspa.com\/#website\"},\"datePublished\":\"2024-09-23T15:26:43+00:00\",\"dateModified\":\"2026-04-07T17:31:11+00:00\",\"description\":\"Discover Bistro K\u014dena at K\u014dena Spa. Enjoy delicious cuisine and a unique moment of relaxation, combining gastronomy and well-being.\",\"breadcrumb\":{\"@id\":\"https:\/\/koenaspa.com\/en\/gastronomy\/bistro-koena\/#breadcrumb\"},\"inLanguage\":\"en-US\",\"potentialAction\":[{\"@type\":\"ReadAction\",\"target\":[\"https:\/\/koenaspa.com\/en\/gastronomy\/bistro-koena\/\"]}]},{\"@type\":\"BreadcrumbList\",\"@id\":\"https:\/\/koenaspa.com\/en\/gastronomy\/bistro-koena\/#breadcrumb\",\"itemListElement\":[{\"@type\":\"ListItem\",\"position\":1,\"name\":\"Accueil\",\"item\":\"https:\/\/koenaspa.com\/en\/\"},{\"@type\":\"ListItem\",\"position\":2,\"name\":\"Gastronomy\",\"item\":\"https:\/\/koenaspa.com\/en\/gastronomy\/\"},{\"@type\":\"ListItem\",\"position\":3,\"name\":\"Bistro K\u014dena\"}]},{\"@type\":\"WebSite\",\"@id\":\"https:\/\/koenaspa.com\/#website\",\"url\":\"https:\/\/koenaspa.com\/\",\"name\":\"Spa, Massage et Bains Nordiques - Koena\",\"description\":\"\",\"publisher\":{\"@id\":\"https:\/\/koenaspa.com\/#organization\"},\"potentialAction\":[{\"@type\":\"SearchAction\",\"target\":{\"@type\":\"EntryPoint\",\"urlTemplate\":\"https:\/\/koenaspa.com\/?s={search_term_string}\"},\"query-input\":{\"@type\":\"PropertyValueSpecification\",\"valueRequired\":true,\"valueName\":\"search_term_string\"}}],\"inLanguage\":\"en-US\"},{\"@type\":\"Organization\",\"@id\":\"https:\/\/koenaspa.com\/#organization\",\"name\":\"Spa, Massage et Bains Nordiques - Koena\",\"url\":\"https:\/\/koenaspa.com\/\",\"logo\":{\"@type\":\"ImageObject\",\"inLanguage\":\"en-US\",\"@id\":\"https:\/\/koenaspa.com\/#\/schema\/logo\/image\/\",\"url\":\"https:\/\/koenaspa.com\/wp-content\/uploads\/2024\/09\/logoKoena.png\",\"contentUrl\":\"https:\/\/koenaspa.com\/wp-content\/uploads\/2024\/09\/logoKoena.png\",\"width\":166,\"height\":61,\"caption\":\"Spa, Massage et Bains Nordiques - Koena\"},\"image\":{\"@id\":\"https:\/\/koenaspa.com\/#\/schema\/logo\/image\/\"}}]}<\/script>\n<!-- \/ Yoast SEO Premium plugin. -->","yoast_head_json":{"title":"Bistro K\u014dena | Relaxation and gourmet food at K\u014dena Spa","description":"Discover Bistro K\u014dena at K\u014dena Spa. Enjoy delicious cuisine and a unique moment of relaxation, combining gastronomy and well-being.","robots":{"index":"index","follow":"follow","max-snippet":"max-snippet:-1","max-image-preview":"max-image-preview:large","max-video-preview":"max-video-preview:-1"},"canonical":"https:\/\/koenaspa.com\/en\/gastronomy\/bistro-koena\/","og_locale":"en_US","og_type":"article","og_title":"Bistro K\u014dena","og_description":"Discover Bistro K\u014dena at K\u014dena Spa. Enjoy delicious cuisine and a unique moment of relaxation, combining gastronomy and well-being.","og_url":"https:\/\/koenaspa.com\/en\/gastronomy\/bistro-koena\/","og_site_name":"Spa, Massage et Bains Nordiques - Koena","article_modified_time":"2026-04-07T17:31:11+00:00","twitter_card":"summary_large_image","schema":{"@context":"https:\/\/schema.org","@graph":[{"@type":"WebPage","@id":"https:\/\/koenaspa.com\/en\/gastronomy\/bistro-koena\/","url":"https:\/\/koenaspa.com\/en\/gastronomy\/bistro-koena\/","name":"Bistro K\u014dena | Relaxation and gourmet food at K\u014dena Spa","isPartOf":{"@id":"https:\/\/koenaspa.com\/#website"},"datePublished":"2024-09-23T15:26:43+00:00","dateModified":"2026-04-07T17:31:11+00:00","description":"Discover Bistro K\u014dena at K\u014dena Spa. Enjoy delicious cuisine and a unique moment of relaxation, combining gastronomy and well-being.","breadcrumb":{"@id":"https:\/\/koenaspa.com\/en\/gastronomy\/bistro-koena\/#breadcrumb"},"inLanguage":"en-US","potentialAction":[{"@type":"ReadAction","target":["https:\/\/koenaspa.com\/en\/gastronomy\/bistro-koena\/"]}]},{"@type":"BreadcrumbList","@id":"https:\/\/koenaspa.com\/en\/gastronomy\/bistro-koena\/#breadcrumb","itemListElement":[{"@type":"ListItem","position":1,"name":"Accueil","item":"https:\/\/koenaspa.com\/en\/"},{"@type":"ListItem","position":2,"name":"Gastronomy","item":"https:\/\/koenaspa.com\/en\/gastronomy\/"},{"@type":"ListItem","position":3,"name":"Bistro K\u014dena"}]},{"@type":"WebSite","@id":"https:\/\/koenaspa.com\/#website","url":"https:\/\/koenaspa.com\/","name":"Spa, Massage et Bains Nordiques - Koena","description":"","publisher":{"@id":"https:\/\/koenaspa.com\/#organization"},"potentialAction":[{"@type":"SearchAction","target":{"@type":"EntryPoint","urlTemplate":"https:\/\/koenaspa.com\/?s={search_term_string}"},"query-input":{"@type":"PropertyValueSpecification","valueRequired":true,"valueName":"search_term_string"}}],"inLanguage":"en-US"},{"@type":"Organization","@id":"https:\/\/koenaspa.com\/#organization","name":"Spa, Massage et Bains Nordiques - Koena","url":"https:\/\/koenaspa.com\/","logo":{"@type":"ImageObject","inLanguage":"en-US","@id":"https:\/\/koenaspa.com\/#\/schema\/logo\/image\/","url":"https:\/\/koenaspa.com\/wp-content\/uploads\/2024\/09\/logoKoena.png","contentUrl":"https:\/\/koenaspa.com\/wp-content\/uploads\/2024\/09\/logoKoena.png","width":166,"height":61,"caption":"Spa, Massage et Bains Nordiques - Koena"},"image":{"@id":"https:\/\/koenaspa.com\/#\/schema\/logo\/image\/"}}]}},"_links":{"self":[{"href":"https:\/\/koenaspa.com\/en\/wp-json\/wp\/v2\/pages\/6473","targetHints":{"allow":["GET"]}}],"collection":[{"href":"https:\/\/koenaspa.com\/en\/wp-json\/wp\/v2\/pages"}],"about":[{"href":"https:\/\/koenaspa.com\/en\/wp-json\/wp\/v2\/types\/page"}],"author":[{"embeddable":true,"href":"https:\/\/koenaspa.com\/en\/wp-json\/wp\/v2\/users\/1"}],"replies":[{"embeddable":true,"href":"https:\/\/koenaspa.com\/en\/wp-json\/wp\/v2\/comments?post=6473"}],"version-history":[{"count":4,"href":"https:\/\/koenaspa.com\/en\/wp-json\/wp\/v2\/pages\/6473\/revisions"}],"predecessor-version":[{"id":9561,"href":"https:\/\/koenaspa.com\/en\/wp-json\/wp\/v2\/pages\/6473\/revisions\/9561"}],"up":[{"embeddable":true,"href":"https:\/\/koenaspa.com\/en\/wp-json\/wp\/v2\/pages\/6505"}],"wp:attachment":[{"href":"https:\/\/koenaspa.com\/en\/wp-json\/wp\/v2\/media?parent=6473"}],"curies":[{"name":"wp","href":"https:\/\/api.w.org\/{rel}","templated":true}]}}